{"id":2609,"date":"2021-03-22T14:32:57","date_gmt":"2021-03-22T14:32:57","guid":{"rendered":"https:\/\/teelent.it\/postcart\/?post_type=product&#038;p=2609"},"modified":"2021-03-22T16:57:18","modified_gmt":"2021-03-22T16:57:18","slug":"ice-factory","status":"publish","type":"product","link":"https:\/\/teelent.it\/postcart\/prodotto\/ice-factory\/","title":{"rendered":"Ice factory"},"content":{"rendered":"<p>New York: la magica citt\u00e0 che non dorme mai, che quando sei a Time Square la notte riesci ad avere lo scatto perfetto quasi come se fosse giorno. La citt\u00e0 che ti fa sentire piccolo quando ti guardi attorno tra i suoi immensi grattacieli, ma al tempo stesso il re del mondo quando provi ad immortalare la vista sopra uno di essi. La citt\u00e0 che ti fa sentire un completo estraneo che girovaga senza meta affascinato da ogni dettaglio, da ogni storia raccontata da un mendicante o da un uomo d\u2019affari. La citt\u00e0 della velocit\u00e0, dove tutto \u00e8 a portata di scatto, ma anche del godersi una passeggiata al parco con una tazza di caff\u00e8 bollente in mano mentre immortali un momento di quiete in mezzo al caos. Unica e irripetibile. Io e il mio obiettivo la vediamo cos\u00ec&#8230; <\/p>\n","protected":false},"excerpt":{"rendered":"<p>Collezione New York<\/p>\n","protected":false},"featured_media":2543,"comment_status":"open","ping_status":"closed","template":"","meta":[],"_links":{"self":[{"href":"https:\/\/teelent.it\/postcart\/wp-json\/wp\/v2\/product\/2609"}],"collection":[{"href":"https:\/\/teelent.it\/postcart\/wp-json\/wp\/v2\/product"}],"about":[{"href":"https:\/\/teelent.it\/postcart\/wp-json\/wp\/v2\/types\/product"}],"replies":[{"embeddable":true,"href":"https:\/\/teelent.it\/postcart\/wp-json\/wp\/v2\/comments?post=2609"}],"wp:featuredmedia":[{"embeddable":true,"href":"https:\/\/teelent.it\/postcart\/wp-json\/wp\/v2\/media\/2543"}],"wp:attachment":[{"href":"https:\/\/teelent.it\/postcart\/wp-json\/wp\/v2\/media?parent=2609"}],"curies":[{"name":"wp","href":"https:\/\/api.w.org\/{rel}","templated":true}]}}