{"id":515,"date":"2022-10-31T18:24:34","date_gmt":"2022-10-31T18:24:34","guid":{"rendered":"https:\/\/teelent.it\/auctions\/?page_id=515"},"modified":"2022-11-02T16:49:10","modified_gmt":"2022-11-02T16:49:10","slug":"chi-siamo","status":"publish","type":"page","link":"https:\/\/teelent.it\/auctions\/chi-siamo\/","title":{"rendered":"Chi siamo"},"content":{"rendered":"\t\t<div data-elementor-type=\"wp-page\" data-elementor-id=\"515\" class=\"elementor elementor-515\">\n\t\t\t\t\t\t\t\t\t<section class=\"elementor-section elementor-top-section elementor-element elementor-element-b5bc799 elementor-section-height-min-height elementor-section-boxed elementor-section-height-default elementor-section-items-middle\" data-id=\"b5bc799\" data-element_type=\"section\" data-settings=\"{&quot;background_background&quot;:&quot;classic&quot;}\">\n\t\t\t\t\t\t<div class=\"elementor-container elementor-column-gap-default\">\n\t\t\t\t\t<div class=\"elementor-column elementor-col-100 elementor-top-column elementor-element elementor-element-ff93aef\" data-id=\"ff93aef\" data-element_type=\"column\">\n\t\t\t<div class=\"elementor-widget-wrap elementor-element-populated\">\n\t\t\t\t\t\t\t\t<div class=\"elementor-element elementor-element-7ee1ae2 elementor-widget elementor-widget-heading\" data-id=\"7ee1ae2\" data-element_type=\"widget\" data-widget_type=\"heading.default\">\n\t\t\t\t<div class=\"elementor-widget-container\">\n\t\t\t<style>\/*! elementor - v3.8.0 - 30-10-2022 *\/\n.elementor-heading-title{padding:0;margin:0;line-height:1}.elementor-widget-heading .elementor-heading-title[class*=elementor-size-]>a{color:inherit;font-size:inherit;line-height:inherit}.elementor-widget-heading .elementor-heading-title.elementor-size-small{font-size:15px}.elementor-widget-heading .elementor-heading-title.elementor-size-medium{font-size:19px}.elementor-widget-heading .elementor-heading-title.elementor-size-large{font-size:29px}.elementor-widget-heading .elementor-heading-title.elementor-size-xl{font-size:39px}.elementor-widget-heading .elementor-heading-title.elementor-size-xxl{font-size:59px}<\/style><h2 class=\"elementor-heading-title elementor-size-default\">SOLIDARIET\u00e0 TRA <b>ARTE<\/b> E <b>DESIGN<\/b>.<\/h2>\t\t<\/div>\n\t\t\t\t<\/div>\n\t\t\t\t\t<\/div>\n\t\t<\/div>\n\t\t\t\t\t\t\t<\/div>\n\t\t<\/section>\n\t\t\t\t<section class=\"elementor-section elementor-top-section elementor-element elementor-element-8e64749 elementor-section-full_width elementor-section-height-min-height elementor-section-height-default elementor-section-items-middle\" data-id=\"8e64749\" data-element_type=\"section\">\n\t\t\t\t\t\t<div class=\"elementor-container elementor-column-gap-default\">\n\t\t\t\t\t<div class=\"elementor-column elementor-col-50 elementor-top-column elementor-element elementor-element-8c54909\" data-id=\"8c54909\" data-element_type=\"column\" data-settings=\"{&quot;background_background&quot;:&quot;classic&quot;}\">\n\t\t\t<div class=\"elementor-widget-wrap elementor-element-populated\">\n\t\t\t\t\t\t\t\t<div class=\"elementor-element elementor-element-6715698 elementor-widget elementor-widget-spacer\" data-id=\"6715698\" data-element_type=\"widget\" data-widget_type=\"spacer.default\">\n\t\t\t\t<div class=\"elementor-widget-container\">\n\t\t\t<style>\/*! elementor - v3.8.0 - 30-10-2022 *\/\n.elementor-column .elementor-spacer-inner{height:var(--spacer-size)}.e-con{--container-widget-width:100%}.e-con-inner>.elementor-widget-spacer,.e-con>.elementor-widget-spacer{width:var(--container-widget-width,var(--spacer-size));-ms-flex-item-align:stretch;align-self:stretch;-ms-flex-negative:0;flex-shrink:0}.e-con-inner>.elementor-widget-spacer>.elementor-widget-container,.e-con-inner>.elementor-widget-spacer>.elementor-widget-container>.elementor-spacer,.e-con>.elementor-widget-spacer>.elementor-widget-container,.e-con>.elementor-widget-spacer>.elementor-widget-container>.elementor-spacer{height:100%}.e-con-inner>.elementor-widget-spacer>.elementor-widget-container>.elementor-spacer>.elementor-spacer-inner,.e-con>.elementor-widget-spacer>.elementor-widget-container>.elementor-spacer>.elementor-spacer-inner{height:var(--container-widget-height,var(--spacer-size))}<\/style>\t\t<div class=\"elementor-spacer\">\n\t\t\t<div class=\"elementor-spacer-inner\"><\/div>\n\t\t<\/div>\n\t\t\t\t<\/div>\n\t\t\t\t<\/div>\n\t\t\t\t<div class=\"elementor-element elementor-element-8b97245 elementor-widget elementor-widget-heading\" data-id=\"8b97245\" data-element_type=\"widget\" data-widget_type=\"heading.default\">\n\t\t\t\t<div class=\"elementor-widget-container\">\n\t\t\t<h2 class=\"elementor-heading-title elementor-size-default\">FONDAZIONE<br>\nMARCELLO MORANDINI<\/h2>\t\t<\/div>\n\t\t\t\t<\/div>\n\t\t\t\t<div class=\"elementor-element elementor-element-1406c18 elementor-widget elementor-widget-spacer\" data-id=\"1406c18\" data-element_type=\"widget\" data-widget_type=\"spacer.default\">\n\t\t\t\t<div class=\"elementor-widget-container\">\n\t\t\t\t\t<div class=\"elementor-spacer\">\n\t\t\t<div class=\"elementor-spacer-inner\"><\/div>\n\t\t<\/div>\n\t\t\t\t<\/div>\n\t\t\t\t<\/div>\n\t\t\t\t\t<\/div>\n\t\t<\/div>\n\t\t\t\t<div class=\"elementor-column elementor-col-50 elementor-top-column elementor-element elementor-element-98d2e67\" data-id=\"98d2e67\" data-element_type=\"column\">\n\t\t\t<div class=\"elementor-widget-wrap elementor-element-populated\">\n\t\t\t\t\t\t\t\t<section class=\"elementor-section elementor-inner-section elementor-element elementor-element-b17685c elementor-section-boxed elementor-section-height-default elementor-section-height-default\" data-id=\"b17685c\" data-element_type=\"section\">\n\t\t\t\t\t\t<div class=\"elementor-container elementor-column-gap-default\">\n\t\t\t\t\t<div class=\"elementor-column elementor-col-100 elementor-inner-column elementor-element elementor-element-b150cb9\" data-id=\"b150cb9\" data-element_type=\"column\">\n\t\t\t<div class=\"elementor-widget-wrap elementor-element-populated\">\n\t\t\t\t\t\t\t\t<div class=\"elementor-element elementor-element-f25ece2 elementor-widget elementor-widget-text-editor\" data-id=\"f25ece2\" data-element_type=\"widget\" data-widget_type=\"text-editor.default\">\n\t\t\t\t<div class=\"elementor-widget-container\">\n\t\t\t<style>\/*! elementor - v3.8.0 - 30-10-2022 *\/\n.elementor-widget-text-editor.elementor-drop-cap-view-stacked .elementor-drop-cap{background-color:#818a91;color:#fff}.elementor-widget-text-editor.elementor-drop-cap-view-framed .elementor-drop-cap{color:#818a91;border:3px solid;background-color:transparent}.elementor-widget-text-editor:not(.elementor-drop-cap-view-default) .elementor-drop-cap{margin-top:8px}.elementor-widget-text-editor:not(.elementor-drop-cap-view-default) .elementor-drop-cap-letter{width:1em;height:1em}.elementor-widget-text-editor .elementor-drop-cap{float:left;text-align:center;line-height:1;font-size:50px}.elementor-widget-text-editor .elementor-drop-cap-letter{display:inline-block}<\/style>\t\t\t\t<p><b>Fondazione Marcello Morandini<\/b> \u00e8 nata nel 2016 per volont\u00e0 dello stesso artista e grazie al generoso contributo di due importanti collezionisti, il cui sogno era veder realizzato un museo aperto, accessibile e inclusivo in cui fossero valorizzate le opere di Marcello Morandini.<\/p>\n<p>Fondazione Marcello Morandini prende vita nel 2017 con l\u2019avvio dei lavori di ristrutturazione e riconversione di Villa Zanotti, una delle preziose architetture di primo Novecento che contraddistinguono il patrimonio culturale identitario di Varese, citt\u00e0 in cui Morandini vive e lavora.<\/p>\n<p>Negli splendidi spazi della villa, ancora in fase di completamento, Fondazione Marcello Morandini si dedica alla conservazione e valorizzazione delle opere d\u2019arte, di design e i progetti di architettura di Marcello Morandini. Una produzione che si presenta come una sintesi delle arti in cui l\u2019artista misura la dimensione umana individuando e generando spazi, attraverso una geometria infinita. Scopo della Fondazione \u00e8 anche quello di promuovere l\u2019Arte Concreta e Costruttivista internazionale attraverso programmi espositivi, conferenze e pubblicazioni, al fine di rendere la Fondazione la pi\u00f9 importante istituzione culturale in Italia, e una tra le principali in Europa, per questo preciso movimento artistico e le sue espressioni future.<\/p>\t\t\t\t\t\t<\/div>\n\t\t\t\t<\/div>\n\t\t\t\t<div class=\"elementor-element elementor-element-d7b2357 elementor-align-center elementor-widget elementor-widget-button\" data-id=\"d7b2357\" data-element_type=\"widget\" data-widget_type=\"button.default\">\n\t\t\t\t<div class=\"elementor-widget-container\">\n\t\t\t\t\t<div class=\"elementor-button-wrapper\">\n\t\t\t<a href=\"https:\/\/www.fondazionemarcellomorandini.com\" target=\"_blank\" class=\"elementor-button-link elementor-button elementor-size-sm\" role=\"button\">\n\t\t\t\t\t\t<span class=\"elementor-button-content-wrapper\">\n\t\t\t\t\t\t<span class=\"elementor-button-text\">VISITA IL SITO<\/span>\n\t\t<\/span>\n\t\t\t\t\t<\/a>\n\t\t<\/div>\n\t\t\t\t<\/div>\n\t\t\t\t<\/div>\n\t\t\t\t\t<\/div>\n\t\t<\/div>\n\t\t\t\t\t\t\t<\/div>\n\t\t<\/section>\n\t\t\t\t\t<\/div>\n\t\t<\/div>\n\t\t\t\t\t\t\t<\/div>\n\t\t<\/section>\n\t\t\t\t<section class=\"elementor-section elementor-top-section elementor-element elementor-element-4a11741 elementor-section-full_width elementor-reverse-mobile elementor-section-height-default elementor-section-height-default\" data-id=\"4a11741\" data-element_type=\"section\">\n\t\t\t\t\t\t<div class=\"elementor-container elementor-column-gap-default\">\n\t\t\t\t\t<div class=\"elementor-column elementor-col-50 elementor-top-column elementor-element elementor-element-2c78d46\" data-id=\"2c78d46\" data-element_type=\"column\">\n\t\t\t<div class=\"elementor-widget-wrap elementor-element-populated\">\n\t\t\t\t\t\t\t\t<section class=\"elementor-section elementor-inner-section elementor-element elementor-element-344b2c4 elementor-section-boxed elementor-section-height-default elementor-section-height-default\" data-id=\"344b2c4\" data-element_type=\"section\">\n\t\t\t\t\t\t<div class=\"elementor-container elementor-column-gap-default\">\n\t\t\t\t\t<div class=\"elementor-column elementor-col-100 elementor-inner-column elementor-element elementor-element-6874265\" data-id=\"6874265\" data-element_type=\"column\">\n\t\t\t<div class=\"elementor-widget-wrap elementor-element-populated\">\n\t\t\t\t\t\t\t\t<div class=\"elementor-element elementor-element-a182df3 elementor-widget elementor-widget-text-editor\" data-id=\"a182df3\" data-element_type=\"widget\" data-widget_type=\"text-editor.default\">\n\t\t\t\t<div class=\"elementor-widget-container\">\n\t\t\t\t\t\t\t<p><b>La Fondazione Giacomo Ascoli Onlus<\/b> \u00e8 nata nel 2006 in onore e memoria di Giacomo Ascoli (1993-2005), scomparso per un linfoma non Hodgkin.<br \/>Scopo della Fondazione \u00e8 offrire a bambini e adolescenti affetti da patologie onco-ematologiche l\u2019assistenza medica, il sostegno psicologico e percorsi di psicoterapia pi\u00f9 qualificati possibili, per garantire loro maggiori possibilit\u00e0 di guarigione e la miglior qualit\u00e0 di vita durante le cure presso la Struttura Dipartimentale di onco-ematologia pediatrica dell\u2019Ospedale Del Ponte di Varese.<\/p><p>Per questo, oltre a investire in ricerca, Fondazione Giacomo Ascoli offre servizi alle famiglie e sostiene la creazione di strutture ospedaliere e di accoglienza sempre all\u2019avanguardia, a cominciare dal Day Center per l\u2019oncoematologia pediatrica dell\u2019Ospedale Del Ponte per cui da ultimo Fondazione ha progettato e cofinanziato la realizzazione di tre camere protette per poter ricoverare, anche per lunghe degenze, i bambini pi\u00f9 fragili.<\/p><p>Da qui la nuova sfida della Fondazione per realizzare Il Faro, un approdo sicuro per chi si prende cura dei nostri bambini: medici, ricercatori, specializzandi, associazioni e soprattutto le loro famiglie. Perch\u00e9 avere la famiglia riunita durante le cure significa rendere pi\u00f9 potente la medicina di cui ogni bambino ha bisogno: l\u2019amore della sua famiglia. Al Faro, portatore di luce e speranza, \u00e8 dedicato il progetto di raccolta fondi con Teelent e Fondazione Morandini.<\/p>\t\t\t\t\t\t<\/div>\n\t\t\t\t<\/div>\n\t\t\t\t<div class=\"elementor-element elementor-element-a57fbf0 elementor-align-center elementor-widget elementor-widget-button\" data-id=\"a57fbf0\" data-element_type=\"widget\" data-widget_type=\"button.default\">\n\t\t\t\t<div class=\"elementor-widget-container\">\n\t\t\t\t\t<div class=\"elementor-button-wrapper\">\n\t\t\t<a href=\"https:\/\/fondazionegiacomoascoli.it\/\" target=\"_blank\" class=\"elementor-button-link elementor-button elementor-size-sm\" role=\"button\">\n\t\t\t\t\t\t<span class=\"elementor-button-content-wrapper\">\n\t\t\t\t\t\t<span class=\"elementor-button-text\">VISITA IL SITO<\/span>\n\t\t<\/span>\n\t\t\t\t\t<\/a>\n\t\t<\/div>\n\t\t\t\t<\/div>\n\t\t\t\t<\/div>\n\t\t\t\t\t<\/div>\n\t\t<\/div>\n\t\t\t\t\t\t\t<\/div>\n\t\t<\/section>\n\t\t\t\t\t<\/div>\n\t\t<\/div>\n\t\t\t\t<div class=\"elementor-column elementor-col-50 elementor-top-column elementor-element elementor-element-cf6e178\" data-id=\"cf6e178\" data-element_type=\"column\" data-settings=\"{&quot;background_background&quot;:&quot;classic&quot;}\">\n\t\t\t<div class=\"elementor-widget-wrap elementor-element-populated\">\n\t\t\t\t\t\t\t\t<div class=\"elementor-element elementor-element-459f977 elementor-widget elementor-widget-spacer\" data-id=\"459f977\" data-element_type=\"widget\" data-widget_type=\"spacer.default\">\n\t\t\t\t<div class=\"elementor-widget-container\">\n\t\t\t\t\t<div class=\"elementor-spacer\">\n\t\t\t<div class=\"elementor-spacer-inner\"><\/div>\n\t\t<\/div>\n\t\t\t\t<\/div>\n\t\t\t\t<\/div>\n\t\t\t\t<div class=\"elementor-element elementor-element-035030f elementor-widget elementor-widget-heading\" data-id=\"035030f\" data-element_type=\"widget\" data-widget_type=\"heading.default\">\n\t\t\t\t<div class=\"elementor-widget-container\">\n\t\t\t<h2 class=\"elementor-heading-title elementor-size-default\">FONDAZIONE<BR>\nGIACOMO ASCOLI<\/h2>\t\t<\/div>\n\t\t\t\t<\/div>\n\t\t\t\t<div class=\"elementor-element elementor-element-d2a459c elementor-widget elementor-widget-spacer\" data-id=\"d2a459c\" data-element_type=\"widget\" data-widget_type=\"spacer.default\">\n\t\t\t\t<div class=\"elementor-widget-container\">\n\t\t\t\t\t<div class=\"elementor-spacer\">\n\t\t\t<div class=\"elementor-spacer-inner\"><\/div>\n\t\t<\/div>\n\t\t\t\t<\/div>\n\t\t\t\t<\/div>\n\t\t\t\t\t<\/div>\n\t\t<\/div>\n\t\t\t\t\t\t\t<\/div>\n\t\t<\/section>\n\t\t\t\t<section class=\"elementor-section elementor-top-section elementor-element elementor-element-bca7749 elementor-section-full_width elementor-section-height-default elementor-section-height-default\" data-id=\"bca7749\" data-element_type=\"section\">\n\t\t\t\t\t\t<div class=\"elementor-container elementor-column-gap-default\">\n\t\t\t\t\t<div class=\"elementor-column elementor-col-50 elementor-top-column elementor-element elementor-element-6b672ed\" data-id=\"6b672ed\" data-element_type=\"column\" data-settings=\"{&quot;background_background&quot;:&quot;classic&quot;}\">\n\t\t\t<div class=\"elementor-widget-wrap elementor-element-populated\">\n\t\t\t\t\t\t\t\t<div class=\"elementor-element elementor-element-fd68d6c elementor-widget elementor-widget-spacer\" data-id=\"fd68d6c\" data-element_type=\"widget\" data-widget_type=\"spacer.default\">\n\t\t\t\t<div class=\"elementor-widget-container\">\n\t\t\t\t\t<div class=\"elementor-spacer\">\n\t\t\t<div class=\"elementor-spacer-inner\"><\/div>\n\t\t<\/div>\n\t\t\t\t<\/div>\n\t\t\t\t<\/div>\n\t\t\t\t<div class=\"elementor-element elementor-element-7cf12ca elementor-widget elementor-widget-heading\" data-id=\"7cf12ca\" data-element_type=\"widget\" data-widget_type=\"heading.default\">\n\t\t\t\t<div class=\"elementor-widget-container\">\n\t\t\t<h2 class=\"elementor-heading-title elementor-size-default\">TEELENT<\/h2>\t\t<\/div>\n\t\t\t\t<\/div>\n\t\t\t\t<div class=\"elementor-element elementor-element-4839116 elementor-widget elementor-widget-spacer\" data-id=\"4839116\" data-element_type=\"widget\" data-widget_type=\"spacer.default\">\n\t\t\t\t<div class=\"elementor-widget-container\">\n\t\t\t\t\t<div class=\"elementor-spacer\">\n\t\t\t<div class=\"elementor-spacer-inner\"><\/div>\n\t\t<\/div>\n\t\t\t\t<\/div>\n\t\t\t\t<\/div>\n\t\t\t\t\t<\/div>\n\t\t<\/div>\n\t\t\t\t<div class=\"elementor-column elementor-col-50 elementor-top-column elementor-element elementor-element-78c094e\" data-id=\"78c094e\" data-element_type=\"column\">\n\t\t\t<div class=\"elementor-widget-wrap elementor-element-populated\">\n\t\t\t\t\t\t\t\t<section class=\"elementor-section elementor-inner-section elementor-element elementor-element-5115e64 elementor-section-boxed elementor-section-height-default elementor-section-height-default\" data-id=\"5115e64\" data-element_type=\"section\">\n\t\t\t\t\t\t<div class=\"elementor-container elementor-column-gap-default\">\n\t\t\t\t\t<div class=\"elementor-column elementor-col-100 elementor-inner-column elementor-element elementor-element-eb71eaf\" data-id=\"eb71eaf\" data-element_type=\"column\">\n\t\t\t<div class=\"elementor-widget-wrap elementor-element-populated\">\n\t\t\t\t\t\t\t\t<div class=\"elementor-element elementor-element-a05266d elementor-widget elementor-widget-text-editor\" data-id=\"a05266d\" data-element_type=\"widget\" data-widget_type=\"text-editor.default\">\n\t\t\t\t<div class=\"elementor-widget-container\">\n\t\t\t\t\t\t\t<p>Siamo una <b>community<\/b> di sognatori da <b>tutto il mondo<\/b>! Sogniamo di diventare il moltiplicatore della nuova generazione di artisti.<\/p>\n<p>Crediamo che l\u2019arte debba essere per chiunque e che ogni cosa possa essere una tela da riempire di luce o ombreggiature, colore, sfumature o scale di grigi.<\/p>\n<p>Vogliamo promuovere un mecenatismo moderno e diffuso da congiungere all\u2019\u00e9lite dei benefattori. Vogliamo che l\u2019arte sia di tutti e per tutti quelli che sono disposti ad accoglierla e ad amarla, senza che qualcuno la selezioni prima di darle luce, senza l\u2019intermediazione che la filtri, senza la critica che la scomponga e la riduca a prodotto ignorandone il processo.<\/p>\n<p>Vogliamo ridare all\u2019arte il suo significato originario. Strumento di riflessione. Attrezzo emozionale. Congegno spirituale. Organo irrazionale. E vogliamo rimettere il talento dell\u2019artista al centro. L\u2019 idea come fulcro del suo valore creativo. Il perch\u00e9 di un\u2019opera come vantaggio. Il come \u00e8 realizzata, un punto di forza che ridona all\u2019artista dignit\u00e0 e valore.<\/p>\t\t\t\t\t\t<\/div>\n\t\t\t\t<\/div>\n\t\t\t\t<div class=\"elementor-element elementor-element-998f3f0 elementor-align-center elementor-widget elementor-widget-button\" data-id=\"998f3f0\" data-element_type=\"widget\" data-widget_type=\"button.default\">\n\t\t\t\t<div class=\"elementor-widget-container\">\n\t\t\t\t\t<div class=\"elementor-button-wrapper\">\n\t\t\t<a href=\"https:\/\/teelent.it\/\" target=\"_blank\" class=\"elementor-button-link elementor-button elementor-size-sm\" role=\"button\">\n\t\t\t\t\t\t<span class=\"elementor-button-content-wrapper\">\n\t\t\t\t\t\t<span class=\"elementor-button-text\">VISITA IL SITO<\/span>\n\t\t<\/span>\n\t\t\t\t\t<\/a>\n\t\t<\/div>\n\t\t\t\t<\/div>\n\t\t\t\t<\/div>\n\t\t\t\t\t<\/div>\n\t\t<\/div>\n\t\t\t\t\t\t\t<\/div>\n\t\t<\/section>\n\t\t\t\t\t<\/div>\n\t\t<\/div>\n\t\t\t\t\t\t\t<\/div>\n\t\t<\/section>\n\t\t\t\t\t\t\t<\/div>\n\t\t","protected":false},"excerpt":{"rendered":"<p>SOLIDARIET\u00e0 TRA ARTE E DESIGN. FONDAZIONE MARCELLO MORANDINI Fondazione Marcello Morandini \u00e8 nata nel 2016 per volont\u00e0 dello stesso artista e grazie al generoso contributo di due importanti collezionisti, il cui sogno era veder realizzato un museo aperto, accessibile e inclusivo in cui fossero valorizzate le opere di Marcello Morandini. Fondazione Marcello Morandini prende vita [&hellip;]<\/p>\n","protected":false},"author":1,"featured_media":0,"parent":0,"menu_order":0,"comment_status":"closed","ping_status":"closed","template":"","meta":{"footnotes":""},"class_list":["post-515","page","type-page","status-publish","hentry"],"_links":{"self":[{"href":"https:\/\/teelent.it\/auctions\/wp-json\/wp\/v2\/pages\/515","targetHints":{"allow":["GET"]}}],"collection":[{"href":"https:\/\/teelent.it\/auctions\/wp-json\/wp\/v2\/pages"}],"about":[{"href":"https:\/\/teelent.it\/auctions\/wp-json\/wp\/v2\/types\/page"}],"author":[{"embeddable":true,"href":"https:\/\/teelent.it\/auctions\/wp-json\/wp\/v2\/users\/1"}],"replies":[{"embeddable":true,"href":"https:\/\/teelent.it\/auctions\/wp-json\/wp\/v2\/comments?post=515"}],"version-history":[{"count":73,"href":"https:\/\/teelent.it\/auctions\/wp-json\/wp\/v2\/pages\/515\/revisions"}],"predecessor-version":[{"id":721,"href":"https:\/\/teelent.it\/auctions\/wp-json\/wp\/v2\/pages\/515\/revisions\/721"}],"wp:attachment":[{"href":"https:\/\/teelent.it\/auctions\/wp-json\/wp\/v2\/media?parent=515"}],"curies":[{"name":"wp","href":"https:\/\/api.w.org\/{rel}","templated":true}]}}