{"id":494,"date":"2022-10-31T18:09:04","date_gmt":"2022-10-31T18:09:04","guid":{"rendered":"https:\/\/teelent.it\/auctions\/?page_id=494"},"modified":"2022-11-02T16:42:43","modified_gmt":"2022-11-02T16:42:43","slug":"la-scintilla","status":"publish","type":"page","link":"https:\/\/teelent.it\/auctions\/la-scintilla\/","title":{"rendered":"La scintilla"},"content":{"rendered":"\t\t<div data-elementor-type=\"wp-page\" data-elementor-id=\"494\" class=\"elementor elementor-494\">\n\t\t\t\t\t\t\t\t\t<section class=\"elementor-section elementor-top-section elementor-element elementor-element-42b78dd elementor-section-height-min-height elementor-section-boxed elementor-section-height-default elementor-section-items-middle\" data-id=\"42b78dd\" data-element_type=\"section\" data-settings=\"{&quot;background_background&quot;:&quot;classic&quot;}\">\n\t\t\t\t\t\t<div class=\"elementor-container elementor-column-gap-default\">\n\t\t\t\t\t<div class=\"elementor-column elementor-col-100 elementor-top-column elementor-element elementor-element-9883593\" data-id=\"9883593\" data-element_type=\"column\">\n\t\t\t<div class=\"elementor-widget-wrap elementor-element-populated\">\n\t\t\t\t\t\t\t\t<div class=\"elementor-element elementor-element-9874ed6 elementor-widget elementor-widget-heading\" data-id=\"9874ed6\" data-element_type=\"widget\" data-widget_type=\"heading.default\">\n\t\t\t\t<div class=\"elementor-widget-container\">\n\t\t\t<style>\/*! elementor - v3.8.0 - 30-10-2022 *\/\n.elementor-heading-title{padding:0;margin:0;line-height:1}.elementor-widget-heading .elementor-heading-title[class*=elementor-size-]>a{color:inherit;font-size:inherit;line-height:inherit}.elementor-widget-heading .elementor-heading-title.elementor-size-small{font-size:15px}.elementor-widget-heading .elementor-heading-title.elementor-size-medium{font-size:19px}.elementor-widget-heading .elementor-heading-title.elementor-size-large{font-size:29px}.elementor-widget-heading .elementor-heading-title.elementor-size-xl{font-size:39px}.elementor-widget-heading .elementor-heading-title.elementor-size-xxl{font-size:59px}<\/style><h2 class=\"elementor-heading-title elementor-size-default\">UNA STORIA NASCE SEMPRE DA...<br>\n<b>UNA SCINTILLA.<\/b><\/h2>\t\t<\/div>\n\t\t\t\t<\/div>\n\t\t\t\t\t<\/div>\n\t\t<\/div>\n\t\t\t\t\t\t\t<\/div>\n\t\t<\/section>\n\t\t\t\t<section class=\"elementor-section elementor-top-section elementor-element elementor-element-5b35a1d elementor-section-boxed elementor-section-height-default elementor-section-height-default\" data-id=\"5b35a1d\" data-element_type=\"section\">\n\t\t\t\t\t\t<div class=\"elementor-container elementor-column-gap-default\">\n\t\t\t\t\t<div class=\"elementor-column elementor-col-100 elementor-top-column elementor-element elementor-element-c0a9afe\" data-id=\"c0a9afe\" data-element_type=\"column\">\n\t\t\t<div class=\"elementor-widget-wrap elementor-element-populated\">\n\t\t\t\t\t\t\t\t<div class=\"elementor-element elementor-element-3c0fcb9 elementor-widget elementor-widget-text-editor\" data-id=\"3c0fcb9\" data-element_type=\"widget\" data-widget_type=\"text-editor.default\">\n\t\t\t\t<div class=\"elementor-widget-container\">\n\t\t\t<style>\/*! elementor - v3.8.0 - 30-10-2022 *\/\n.elementor-widget-text-editor.elementor-drop-cap-view-stacked .elementor-drop-cap{background-color:#818a91;color:#fff}.elementor-widget-text-editor.elementor-drop-cap-view-framed .elementor-drop-cap{color:#818a91;border:3px solid;background-color:transparent}.elementor-widget-text-editor:not(.elementor-drop-cap-view-default) .elementor-drop-cap{margin-top:8px}.elementor-widget-text-editor:not(.elementor-drop-cap-view-default) .elementor-drop-cap-letter{width:1em;height:1em}.elementor-widget-text-editor .elementor-drop-cap{float:left;text-align:center;line-height:1;font-size:50px}.elementor-widget-text-editor .elementor-drop-cap-letter{display:inline-block}<\/style>\t\t\t\t<p><b>Ci sono incontri che non capitano per caso.<\/b><\/p><p>Cos\u00ec \u00e8 stato per Maria Teresa Morandini e Angela Ascoli, che si sono trovate in Fondazione a parlare di arte, di bambini e di angeli. Le opere di Marcello Morandini a fare da filo conduttore, ma una vetrata della villa storica a creare il legame. \u00c8 stata infatti la meraviglia dimostrata da Angela di fronte a una serigrafia ritraente due angioletti a colpire lo spirito di intraprendenza e la curiosit\u00e0 di Teresa, che ha voluto restituire a quella meraviglia, il senso del loro incontro: aiutare i bambini malati con un progetto comune.<\/p><p>Proprio pochi giorni prima Teresa aveva incontrato Alessandro Braga, di Teelent.it, una community mondiale che ha come missione quella di sostenere l\u2019arte e gli artisti emergenti aiutandoli a mettersi in mostra e vendere le proprie opere.\u00a0<\/p><p>Avevano parlato di poter realizzare dei puzzle che raffigurassero le opere di Marcello, ma dall\u2019incontro con Angela, a Teresa \u00e8 balenata un\u2019altra idea: perch\u00e9 non realizzare dei puzzle che ritraessero la vetrata degli angeli e devolvere il ricavato alla Fondazione Giacomo Ascoli?<\/p><p>Alessandro si \u00e8 messo a disposizione della Fondazione Morandini e Angela, sotto l\u2019albero, ha trovato una sorpresa. Ha trovato il primo puzzle dedicato a quegli angioletti da cui era rimasta cos\u00ec colpita. Mancava qualcosa, per\u00f2. I puzzle erano in bianco e nero, poco accattivanti per dei bambini che amano i colori. Serviva qualcosa in pi\u00f9. Teresa ha deciso di colorare le immagini, che sarebbero poi diventate puzzle, con gli acquerelli. Perfetti.<\/p><p>Il progetto era completo, poteva partire. Ed \u00e8 partito grazie ad Alessandro Braga che ha deciso di finanziare come sponsor, sia la produzione dei puzzle, che la comunicazione inerente al progetto, oltre ad aver messo a disposizione dell\u2019iniziativa cento Art Puzzle, riproduzioni dell\u2019opera originale, di cui 9 numerati e firmati dall\u2019artista.<\/p><p>Ma non \u00e8 finita qui. Teresa, Angela e Alessandro hanno pensato di coinvolgere diversi artisti e di chiedere loro di raffigurare angeli che ogni anno verranno proposti in formato puzzle cos\u00ec che il ricavato delle vendite possa continuare a sostenere le iniziative della Fondazione Ascoli e possa aiutare i bambini malati a ritrovare il colore e rimettere insieme quei pezzetti di gioia che hanno perduto in percorsi dolorosi.<\/p><p>Tre organizzazioni unite, per uno scopo comune. Questa \u00e8 la bellezza dell\u2019arte, che non \u00e8 solo contemplazione e ammirazione, ma \u00e8 punto di incontro di confronto ed \u00e8 nascita di progetti, iniziative, voglia di fare.<\/p><p><span class=\"markedContent\"><span dir=\"ltr\" role=\"presentation\">\u00a0<\/span><\/span><\/p>\t\t\t\t\t\t<\/div>\n\t\t\t\t<\/div>\n\t\t\t\t\t<\/div>\n\t\t<\/div>\n\t\t\t\t\t\t\t<\/div>\n\t\t<\/section>\n\t\t\t\t\t\t\t<\/div>\n\t\t","protected":false},"excerpt":{"rendered":"<p>UNA STORIA NASCE SEMPRE DA&#8230; UNA SCINTILLA. Ci sono incontri che non capitano per caso. Cos\u00ec \u00e8 stato per Maria Teresa Morandini e Angela Ascoli, che si sono trovate in Fondazione a parlare di arte, di bambini e di angeli. Le opere di Marcello Morandini a fare da filo conduttore, ma una vetrata della villa [&hellip;]<\/p>\n","protected":false},"author":1,"featured_media":0,"parent":0,"menu_order":0,"comment_status":"closed","ping_status":"closed","template":"","meta":{"footnotes":""},"class_list":["post-494","page","type-page","status-publish","hentry"],"_links":{"self":[{"href":"https:\/\/teelent.it\/auctions\/wp-json\/wp\/v2\/pages\/494","targetHints":{"allow":["GET"]}}],"collection":[{"href":"https:\/\/teelent.it\/auctions\/wp-json\/wp\/v2\/pages"}],"about":[{"href":"https:\/\/teelent.it\/auctions\/wp-json\/wp\/v2\/types\/page"}],"author":[{"embeddable":true,"href":"https:\/\/teelent.it\/auctions\/wp-json\/wp\/v2\/users\/1"}],"replies":[{"embeddable":true,"href":"https:\/\/teelent.it\/auctions\/wp-json\/wp\/v2\/comments?post=494"}],"version-history":[{"count":13,"href":"https:\/\/teelent.it\/auctions\/wp-json\/wp\/v2\/pages\/494\/revisions"}],"predecessor-version":[{"id":691,"href":"https:\/\/teelent.it\/auctions\/wp-json\/wp\/v2\/pages\/494\/revisions\/691"}],"wp:attachment":[{"href":"https:\/\/teelent.it\/auctions\/wp-json\/wp\/v2\/media?parent=494"}],"curies":[{"name":"wp","href":"https:\/\/api.w.org\/{rel}","templated":true}]}}